{"id":10,"date":"2023-08-21T15:36:12","date_gmt":"2023-08-21T13:36:12","guid":{"rendered":"https:\/\/vtc3.modedev.ovh\/?page_id=10"},"modified":"2023-10-05T19:26:29","modified_gmt":"2023-10-05T17:26:29","slug":"services","status":"publish","type":"page","link":"https:\/\/vtc3.modedev.ovh\/?page_id=10","title":{"rendered":"Services"},"content":{"rendered":"\t\t<div data-elementor-type=\"wp-page\" data-elementor-id=\"10\" class=\"elementor elementor-10\" data-elementor-post-type=\"page\">\n\t\t\t\t\t\t<section class=\"elementor-section elementor-top-section elementor-element elementor-element-7c2d46e elementor-section-boxed elementor-section-height-default elementor-section-height-default\" data-id=\"7c2d46e\" data-element_type=\"section\" data-settings=\"{&quot;background_background&quot;:&quot;classic&quot;,&quot;shape_divider_bottom&quot;:&quot;tilt&quot;}\">\n\t\t\t\t\t\t\t<div class=\"elementor-background-overlay\"><\/div>\n\t\t\t\t\t\t<div class=\"elementor-shape elementor-shape-bottom\" aria-hidden=\"true\" data-negative=\"false\">\n\t\t\t<svg xmlns=\"http:\/\/www.w3.org\/2000\/svg\" viewBox=\"0 0 1000 100\" preserveAspectRatio=\"none\">\n\t<path class=\"elementor-shape-fill\" d=\"M0,6V0h1000v100L0,6z\"\/>\n<\/svg>\t\t<\/div>\n\t\t\t\t\t<div class=\"elementor-container elementor-column-gap-default\">\n\t\t\t\t\t<div class=\"elementor-column elementor-col-100 elementor-top-column elementor-element elementor-element-2587fe9\" data-id=\"2587fe9\" data-element_type=\"column\">\n\t\t\t<div class=\"elementor-widget-wrap elementor-element-populated\">\n\t\t\t\t\t\t<div class=\"elementor-element elementor-element-c3ad089 elementor-widget elementor-widget-heading\" data-id=\"c3ad089\" data-element_type=\"widget\" data-widget_type=\"heading.default\">\n\t\t\t\t<div class=\"elementor-widget-container\">\n\t\t\t\t\t<h2 class=\"elementor-heading-title elementor-size-default\">Nos Services<\/h2>\t\t\t\t<\/div>\n\t\t\t\t<\/div>\n\t\t\t\t\t<\/div>\n\t\t<\/div>\n\t\t\t\t\t<\/div>\n\t\t<\/section>\n\t\t\t\t<section class=\"elementor-section elementor-top-section elementor-element elementor-element-9ae431a elementor-section-boxed elementor-section-height-default elementor-section-height-default\" data-id=\"9ae431a\" data-element_type=\"section\" data-settings=\"{&quot;animation&quot;:&quot;none&quot;}\">\n\t\t\t\t\t\t<div class=\"elementor-container elementor-column-gap-default\">\n\t\t\t\t\t<div class=\"elementor-column elementor-col-100 elementor-top-column elementor-element elementor-element-bab3791\" data-id=\"bab3791\" data-element_type=\"column\">\n\t\t\t<div class=\"elementor-widget-wrap elementor-element-populated\">\n\t\t\t\t\t\t<div class=\"elementor-element elementor-element-1bff040 elementor-widget elementor-widget-heading\" data-id=\"1bff040\" data-element_type=\"widget\" data-widget_type=\"heading.default\">\n\t\t\t\t<div class=\"elementor-widget-container\">\n\t\t\t\t\t<h2 class=\"elementor-heading-title elementor-size-default\">Services<\/h2>\t\t\t\t<\/div>\n\t\t\t\t<\/div>\n\t\t\t\t<div class=\"elementor-element elementor-element-3a2a484 elementor-widget elementor-widget-heading\" data-id=\"3a2a484\" data-element_type=\"widget\" data-widget_type=\"heading.default\">\n\t\t\t\t<div class=\"elementor-widget-container\">\n\t\t\t\t\t<h2 class=\"elementor-heading-title elementor-size-default\">Service de Transport Adapt\u00e9 \u00e0 Vos Exigences<\/h2>\t\t\t\t<\/div>\n\t\t\t\t<\/div>\n\t\t\t\t<div class=\"elementor-element elementor-element-62f7ba8 elementor-widget elementor-widget-text-editor\" data-id=\"62f7ba8\" data-element_type=\"widget\" data-widget_type=\"text-editor.default\">\n\t\t\t\t<div class=\"elementor-widget-container\">\n\t\t\t\t\t\t\t\t\t<p>Voyagez en toute tranquillit\u00e9 avec nos services de transport priv\u00e9 sur mesure. Nos chauffeurs exp\u00e9riment\u00e9s vous offrent un trajet confortable et personnalis\u00e9, adapt\u00e9 \u00e0 vos besoins, que ce soit pour des Transferts a\u00e9roport, trajets longue distance, gares et mise \u00e0 disposition.<\/p>\t\t\t\t\t\t\t\t<\/div>\n\t\t\t\t<\/div>\n\t\t\t\t\t<\/div>\n\t\t<\/div>\n\t\t\t\t\t<\/div>\n\t\t<\/section>\n\t\t\t\t<section class=\"elementor-section elementor-top-section elementor-element elementor-element-0afe93d elementor-section-boxed elementor-section-height-default elementor-section-height-default\" data-id=\"0afe93d\" data-element_type=\"section\">\n\t\t\t\t\t\t<div class=\"elementor-container elementor-column-gap-default\">\n\t\t\t\t\t<div class=\"elementor-column elementor-col-50 elementor-top-column elementor-element elementor-element-cbb2f77 elementor-invisible\" data-id=\"cbb2f77\" data-element_type=\"column\" data-settings=\"{&quot;background_background&quot;:&quot;classic&quot;,&quot;animation&quot;:&quot;fadeInUp&quot;}\">\n\t\t\t<div class=\"elementor-widget-wrap elementor-element-populated\">\n\t\t\t\t\t\t<div class=\"elementor-element elementor-element-740d5da elementor-position-top elementor-widget elementor-widget-image-box\" data-id=\"740d5da\" data-element_type=\"widget\" data-widget_type=\"image-box.default\">\n\t\t\t\t<div class=\"elementor-widget-container\">\n\t\t\t\t\t<div class=\"elementor-image-box-wrapper\"><figure class=\"elementor-image-box-img\"><img fetchpriority=\"high\" decoding=\"async\" width=\"1152\" height=\"605\" src=\"https:\/\/vtc3.modedev.ovh\/wp-content\/uploads\/2023\/08\/tranfert-aeroport-vtc-confort.jpg\" class=\"elementor-animation-float attachment-full size-full wp-image-994\" alt=\"\" \/><\/figure><div class=\"elementor-image-box-content\"><h3 class=\"elementor-image-box-title\">Transferts A\u00e9roports<\/h3><p class=\"elementor-image-box-description\">B\u00e9n\u00e9ficiez de notre solution de transport rapide et performante reliant les a\u00e9roports de la r\u00e9gion de VILLE. \u00c0 votre arriv\u00e9e, nos chauffeurs experts vous accueillent pour vous emmener directement \u00e0 votre destination, sans d\u00e9tour, garantissant efficacit\u00e9 et confort.<\/p><\/div><\/div>\t\t\t\t<\/div>\n\t\t\t\t<\/div>\n\t\t\t\t\t<\/div>\n\t\t<\/div>\n\t\t\t\t<div class=\"elementor-column elementor-col-50 elementor-top-column elementor-element elementor-element-87169d7 elementor-invisible\" data-id=\"87169d7\" data-element_type=\"column\" data-settings=\"{&quot;background_background&quot;:&quot;classic&quot;,&quot;animation&quot;:&quot;fadeInUp&quot;}\">\n\t\t\t<div class=\"elementor-widget-wrap elementor-element-populated\">\n\t\t\t\t\t\t<div class=\"elementor-element elementor-element-b9a6b20 elementor-position-top elementor-widget elementor-widget-image-box\" data-id=\"b9a6b20\" data-element_type=\"widget\" data-widget_type=\"image-box.default\">\n\t\t\t\t<div class=\"elementor-widget-container\">\n\t\t\t\t\t<div class=\"elementor-image-box-wrapper\"><figure class=\"elementor-image-box-img\"><img decoding=\"async\" width=\"550\" height=\"289\" src=\"https:\/\/vtc3.modedev.ovh\/wp-content\/uploads\/2023\/08\/transfert-a-garre-vtc-1-1.jpg\" class=\"elementor-animation-float attachment-full size-full wp-image-1009\" alt=\"\" \/><\/figure><div class=\"elementor-image-box-content\"><h3 class=\"elementor-image-box-title\">Transferts Gares<\/h3><p class=\"elementor-image-box-description\">Choisissez notre offre de transfert rapide depuis les gares de VILLE et des environs. Nos chauffeurs exp\u00e9riment\u00e9s vous garantissent une arriv\u00e9e paisible \u00e0 votre destination. Comptez sur notre savoir-faire pour un voyage confortable et sans tracas.<\/p><\/div><\/div>\t\t\t\t<\/div>\n\t\t\t\t<\/div>\n\t\t\t\t\t<\/div>\n\t\t<\/div>\n\t\t\t\t\t<\/div>\n\t\t<\/section>\n\t\t\t\t<section class=\"elementor-section elementor-top-section elementor-element elementor-element-5827849 elementor-section-boxed elementor-section-height-default elementor-section-height-default\" data-id=\"5827849\" data-element_type=\"section\">\n\t\t\t\t\t\t<div class=\"elementor-container elementor-column-gap-default\">\n\t\t\t\t\t<div class=\"elementor-column elementor-col-50 elementor-top-column elementor-element elementor-element-5b678d6 elementor-invisible\" data-id=\"5b678d6\" data-element_type=\"column\" data-settings=\"{&quot;background_background&quot;:&quot;classic&quot;,&quot;animation&quot;:&quot;fadeInUp&quot;}\">\n\t\t\t<div class=\"elementor-widget-wrap elementor-element-populated\">\n\t\t\t\t\t\t<div class=\"elementor-element elementor-element-bd8c637 elementor-position-top elementor-widget elementor-widget-image-box\" data-id=\"bd8c637\" data-element_type=\"widget\" data-widget_type=\"image-box.default\">\n\t\t\t\t<div class=\"elementor-widget-container\">\n\t\t\t\t\t<div class=\"elementor-image-box-wrapper\"><figure class=\"elementor-image-box-img\"><img decoding=\"async\" width=\"550\" height=\"289\" src=\"https:\/\/vtc3.modedev.ovh\/wp-content\/uploads\/2023\/08\/transfert-long-distance-vtc-1.jpg\" class=\"elementor-animation-float attachment-full size-full wp-image-1011\" alt=\"\" \/><\/figure><div class=\"elementor-image-box-content\"><h3 class=\"elementor-image-box-title\">Trajet Longue Distance<\/h3><p class=\"elementor-image-box-description\">D\u00e9couvrez notre service de transport longue distance exceptionnel depuis VILLE et sa r\u00e9gion, REGION. Nous nous engageons \u00e0 vous offrir un voyage confortable, s\u00fbr et m\u00e9morable, en veillant \u00e0 votre satisfaction tout au long du trajet.<\/p><\/div><\/div>\t\t\t\t<\/div>\n\t\t\t\t<\/div>\n\t\t\t\t\t<\/div>\n\t\t<\/div>\n\t\t\t\t<div class=\"elementor-column elementor-col-50 elementor-top-column elementor-element elementor-element-c0d2c04 elementor-invisible\" data-id=\"c0d2c04\" data-element_type=\"column\" data-settings=\"{&quot;background_background&quot;:&quot;classic&quot;,&quot;animation&quot;:&quot;fadeInUp&quot;}\">\n\t\t\t<div class=\"elementor-widget-wrap elementor-element-populated\">\n\t\t\t\t\t\t<div class=\"elementor-element elementor-element-60d1183 elementor-position-top elementor-widget elementor-widget-image-box\" data-id=\"60d1183\" data-element_type=\"widget\" data-widget_type=\"image-box.default\">\n\t\t\t\t<div class=\"elementor-widget-container\">\n\t\t\t\t\t<div class=\"elementor-image-box-wrapper\"><figure class=\"elementor-image-box-img\"><img loading=\"lazy\" decoding=\"async\" width=\"520\" height=\"289\" src=\"https:\/\/vtc3.modedev.ovh\/wp-content\/uploads\/2023\/08\/mise-a-disposition-vtc-1.png\" class=\"elementor-animation-float attachment-full size-full wp-image-1013\" alt=\"\" \/><\/figure><div class=\"elementor-image-box-content\"><h3 class=\"elementor-image-box-title\">Mise \u00c0 Disposition<\/h3><p class=\"elementor-image-box-description\">Faites le choix de notre service  avec chauffeur \u00e0 disposition, offrant une souplesse maximale. Qu'il s'agisse d'une location de quelques heures ou d'une journ\u00e9e compl\u00e8te, notre \u00e9quipe est d\u00e9vou\u00e9e \u00e0 satisfaire vos besoins avec professionnalisme.\n<\/p><\/div><\/div>\t\t\t\t<\/div>\n\t\t\t\t<\/div>\n\t\t\t\t\t<\/div>\n\t\t<\/div>\n\t\t\t\t\t<\/div>\n\t\t<\/section>\n\t\t\t\t<section class=\"elementor-section elementor-top-section elementor-element elementor-element-6782659 elementor-section-boxed elementor-section-height-default elementor-section-height-default\" data-id=\"6782659\" data-element_type=\"section\" data-settings=\"{&quot;background_background&quot;:&quot;classic&quot;}\">\n\t\t\t\t\t\t\t<div class=\"elementor-background-overlay\"><\/div>\n\t\t\t\t\t\t\t<div class=\"elementor-container elementor-column-gap-default\">\n\t\t\t\t\t<div class=\"elementor-column elementor-col-100 elementor-top-column elementor-element elementor-element-10c6ca7\" data-id=\"10c6ca7\" data-element_type=\"column\">\n\t\t\t<div class=\"elementor-widget-wrap elementor-element-populated\">\n\t\t\t\t\t\t<div class=\"elementor-element elementor-element-46dc3d9 elementor-widget elementor-widget-heading\" data-id=\"46dc3d9\" data-element_type=\"widget\" data-settings=\"{&quot;_animation&quot;:&quot;none&quot;}\" data-widget_type=\"heading.default\">\n\t\t\t\t<div class=\"elementor-widget-container\">\n\t\t\t\t\t<h2 class=\"elementor-heading-title elementor-size-default\">Explorez vos trajets en toute s\u00e9r\u00e9nit\u00e9.\n\n\n\n\n<\/h2>\t\t\t\t<\/div>\n\t\t\t\t<\/div>\n\t\t\t\t<div class=\"elementor-element elementor-element-5fea08e elementor-widget elementor-widget-text-editor\" data-id=\"5fea08e\" data-element_type=\"widget\" data-settings=\"{&quot;_animation&quot;:&quot;none&quot;}\" data-widget_type=\"text-editor.default\">\n\t\t\t\t<div class=\"elementor-widget-container\">\n\t\t\t\t\t\t\t\t\t<p>ENTREPRISE, votre partenaire pour vos d\u00e9placements personnels et professionnels. Nos chauffeurs exp\u00e9riment\u00e9s vous offrent une exp\u00e9rience de transport luxueuse \u00e0 bord de v\u00e9hicules haut de gamme. Appr\u00e9ciez un confort in\u00e9gal\u00e9 tout au long de votre trajet et voyagez en toute qui\u00e9tude.<\/p>\t\t\t\t\t\t\t\t<\/div>\n\t\t\t\t<\/div>\n\t\t\t\t<div class=\"elementor-element elementor-element-2c0f76e elementor-align-center elementor-widget elementor-widget-button\" data-id=\"2c0f76e\" data-element_type=\"widget\" data-settings=\"{&quot;_animation&quot;:&quot;none&quot;}\" data-widget_type=\"button.default\">\n\t\t\t\t<div class=\"elementor-widget-container\">\n\t\t\t\t\t\t\t\t\t<div class=\"elementor-button-wrapper\">\n\t\t\t\t\t<a class=\"elementor-button elementor-button-link elementor-size-sm\" href=\"https:\/\/vtc3.modedev.ovh\/reservation\/\">\n\t\t\t\t\t\t<span class=\"elementor-button-content-wrapper\">\n\t\t\t\t\t\t<span class=\"elementor-button-icon\">\n\t\t\t\t<i aria-hidden=\"true\" class=\"fas fa-arrow-right\"><\/i>\t\t\t<\/span>\n\t\t\t\t\t\t\t\t\t<span class=\"elementor-button-text\">R\u00e9servation<\/span>\n\t\t\t\t\t<\/span>\n\t\t\t\t\t<\/a>\n\t\t\t\t<\/div>\n\t\t\t\t\t\t\t\t<\/div>\n\t\t\t\t<\/div>\n\t\t\t\t\t<\/div>\n\t\t<\/div>\n\t\t\t\t\t<\/div>\n\t\t<\/section>\n\t\t\t\t<\/div>\n\t\t","protected":false},"excerpt":{"rendered":"<p>Nos Services Services Service de Transport Adapt\u00e9 \u00e0 Vos Exigences Voyagez en toute tranquillit\u00e9 avec nos services de transport priv\u00e9 sur mesure. Nos chauffeurs exp\u00e9riment\u00e9s vous offrent un trajet confortable et personnalis\u00e9, adapt\u00e9 \u00e0 vos besoins, que ce soit pour des Transferts a\u00e9roport, trajets longue distance, gares et mise \u00e0 disposition. Transferts A\u00e9roports B\u00e9n\u00e9ficiez de [&hellip;]<\/p>\n","protected":false},"author":1,"featured_media":0,"parent":0,"menu_order":0,"comment_status":"closed","ping_status":"closed","template":"elementor_header_footer","meta":{"footnotes":""},"class_list":["post-10","page","type-page","status-publish","hentry"],"_links":{"self":[{"href":"https:\/\/vtc3.modedev.ovh\/index.php?rest_route=\/wp\/v2\/pages\/10","targetHints":{"allow":["GET"]}}],"collection":[{"href":"https:\/\/vtc3.modedev.ovh\/index.php?rest_route=\/wp\/v2\/pages"}],"about":[{"href":"https:\/\/vtc3.modedev.ovh\/index.php?rest_route=\/wp\/v2\/types\/page"}],"author":[{"embeddable":true,"href":"https:\/\/vtc3.modedev.ovh\/index.php?rest_route=\/wp\/v2\/users\/1"}],"replies":[{"embeddable":true,"href":"https:\/\/vtc3.modedev.ovh\/index.php?rest_route=%2Fwp%2Fv2%2Fcomments&post=10"}],"version-history":[{"count":0,"href":"https:\/\/vtc3.modedev.ovh\/index.php?rest_route=\/wp\/v2\/pages\/10\/revisions"}],"wp:attachment":[{"href":"https:\/\/vtc3.modedev.ovh\/index.php?rest_route=%2Fwp%2Fv2%2Fmedia&parent=10"}],"curies":[{"name":"wp","href":"https:\/\/api.w.org\/{rel}","templated":true}]}}